{"id":146,"date":"2026-01-28T15:07:21","date_gmt":"2026-01-28T15:07:21","guid":{"rendered":"https:\/\/harzer-weingut.visible-web.de\/?page_id=146"},"modified":"2026-01-28T15:13:25","modified_gmt":"2026-01-28T15:13:25","slug":"elementor-seite-146","status":"publish","type":"page","link":"https:\/\/harzer-weingut.visible-web.de\/?page_id=146","title":{"rendered":"Gesch\u00e4ftsbedingungen"},"content":{"rendered":"\t\t<div data-elementor-type=\"wp-page\" data-elementor-id=\"146\" class=\"elementor elementor-146\" data-elementor-post-type=\"page\">\n\t\t\t\t<div class=\"elementor-element elementor-element-0a2e203 e-flex e-con-boxed e-con e-parent\" data-id=\"0a2e203\" data-element_type=\"container\">\n\t\t\t\t\t<div class=\"e-con-inner\">\n\t\t\t\t<div class=\"elementor-element elementor-element-8306f40 elementor-widget elementor-widget-text-editor\" data-id=\"8306f40\" data-element_type=\"widget\" data-widget_type=\"text-editor.default\">\n\t\t\t\t\t\t\t\t\t<p><br \/><strong>Unsere Gesch\u00e4ftsbedingungen<\/strong><\/p><p><strong>Angebot<\/strong><\/p><p>Das Angebot ist freibleibend und unverbindlich. Die Preise k\u00f6nnen der aktuellen Preisliste entnommen werden. Mit Erscheinen einer neuen Preisliste verlieren alle fr\u00fcheren Angebote ihre G\u00fcltigkeit.<\/p><p><br \/><strong>Lieferbedingungen<\/strong><\/p><p>Die Lieferung erfolgt als Einzelflasche, in 6er-Einwegkartons. Bei Anlieferung k\u00f6nnen je nach Vereinbarung Frachts\u00e4tze berechnet werden. Bei Postversand gehen Verpackung, Versandkosten und Versandrisiko zu Lasten des Bestellers.<\/p><p><strong>Eigentumsvorbehalt<\/strong><\/p><p>Die gelieferte Ware bleibt unser Eigentum, bis alle Forderungen aus der Gesch\u00e4ftsverbindung beglichen sind. F\u00fcr den Fall der Weiterver\u00e4u\u00dferung der von uns gelieferten Ware, gelten die daraus entstandenen Forderungen an uns abgetreten.<\/p><p><strong>Beanstandungen<\/strong><\/p><p>Beanstandungen sind innerhalb von 8 Tagen zu erheben. In jedem Falle behalten wir uns die Entscheidung vor, ob wir eine Gutschrift erteilen oder Ersatzlieferung bewirken. Weinsteinausfall ist ein nat\u00fcrlicher Vorgang und kein Grund zur Reklamation.<\/p><p><br \/><strong>Zahlungsbedingungen<\/strong><\/p><p>Rechnungsbetr\u00e4ge sind innerhalb von 14 Tagen ohne Abzug zur Zahlung f\u00e4llig.<br \/>Erf\u00fcllungsort ist Westerhausen.<br \/>Gerichtsstand f\u00fcr beide Teile ist Quedlinburg.<\/p><p><br \/><strong>Hinweis auf EU-Streitschlichtung<\/strong><\/p><p>Die Plattform zur Online-Streitbeilegung der EU-Kommission finden Sie unter: http:\/\/ec.europa.eu\/consumers\/odr<br \/>Wir sind zur Teilnahme an einem Streitbeilegungsverfahren vor einer Verbraucherschlichtungsstelle nicht verpflichtet und grunds\u00e4tzlich nicht bereit.<\/p>\t\t\t\t\t\t\t\t<\/div>\n\t\t\t\t\t<\/div>\n\t\t\t\t<\/div>\n\t\t\t\t<\/div>\n\t\t","protected":false},"excerpt":{"rendered":"<p>Unsere Gesch\u00e4ftsbedingungen Angebot Das Angebot ist freibleibend und unverbindlich. Die Preise k\u00f6nnen der aktuellen Preisliste entnommen werden. Mit Erscheinen einer neuen Preisliste verlieren alle fr\u00fcheren Angebote ihre G\u00fcltigkeit. Lieferbedingungen Die Lieferung erfolgt als Einzelflasche, in 6er-Einwegkartons. Bei Anlieferung k\u00f6nnen je nach Vereinbarung Frachts\u00e4tze berechnet werden. Bei Postversand gehen Verpackung, Versandkosten und Versandrisiko zu Lasten des [&hellip;]<\/p>\n","protected":false},"author":1,"featured_media":0,"parent":0,"menu_order":0,"comment_status":"closed","ping_status":"closed","template":"","meta":{"footnotes":""},"class_list":["post-146","page","type-page","status-publish","hentry"],"yoast_head":"<!-- This site is optimized with the Yoast SEO plugin v26.7 - https:\/\/yoast.com\/wordpress\/plugins\/seo\/ -->\n<title>Gesch\u00e4ftsbedingungen - Harzer Weingut<\/title>\n<meta name=\"robots\" content=\"noindex, follow, max-snippet:-1, max-image-preview:large, max-video-preview:-1\" \/>\n<meta property=\"og:locale\" content=\"de_DE\" \/>\n<meta property=\"og:type\" content=\"article\" \/>\n<meta property=\"og:title\" content=\"Gesch\u00e4ftsbedingungen - Harzer Weingut\" \/>\n<meta property=\"og:description\" content=\"Unsere Gesch\u00e4ftsbedingungen Angebot Das Angebot ist freibleibend und unverbindlich. Die Preise k\u00f6nnen der aktuellen Preisliste entnommen werden. Mit Erscheinen einer neuen Preisliste verlieren alle fr\u00fcheren Angebote ihre G\u00fcltigkeit. Lieferbedingungen Die Lieferung erfolgt als Einzelflasche, in 6er-Einwegkartons. Bei Anlieferung k\u00f6nnen je nach Vereinbarung Frachts\u00e4tze berechnet werden. Bei Postversand gehen Verpackung, Versandkosten und Versandrisiko zu Lasten des [&hellip;]\" \/>\n<meta property=\"og:url\" content=\"https:\/\/harzer-weingut.visible-web.de\/?page_id=146\" \/>\n<meta property=\"og:site_name\" content=\"Harzer Weingut\" \/>\n<meta property=\"article:modified_time\" content=\"2026-01-28T15:13:25+00:00\" \/>\n<meta name=\"twitter:card\" content=\"summary_large_image\" \/>\n<meta name=\"twitter:label1\" content=\"Gesch\u00e4tzte Lesezeit\" \/>\n\t<meta name=\"twitter:data1\" content=\"1\u00a0Minute\" \/>\n<script type=\"application\/ld+json\" class=\"yoast-schema-graph\">{\"@context\":\"https:\/\/schema.org\",\"@graph\":[{\"@type\":\"WebPage\",\"@id\":\"https:\/\/harzer-weingut.visible-web.de\/?page_id=146\",\"url\":\"https:\/\/harzer-weingut.visible-web.de\/?page_id=146\",\"name\":\"Gesch\u00e4ftsbedingungen - Harzer Weingut\",\"isPartOf\":{\"@id\":\"https:\/\/harzer-weingut.visible-web.de\/#website\"},\"datePublished\":\"2026-01-28T15:07:21+00:00\",\"dateModified\":\"2026-01-28T15:13:25+00:00\",\"breadcrumb\":{\"@id\":\"https:\/\/harzer-weingut.visible-web.de\/?page_id=146#breadcrumb\"},\"inLanguage\":\"de\",\"potentialAction\":[{\"@type\":\"ReadAction\",\"target\":[\"https:\/\/harzer-weingut.visible-web.de\/?page_id=146\"]}]},{\"@type\":\"BreadcrumbList\",\"@id\":\"https:\/\/harzer-weingut.visible-web.de\/?page_id=146#breadcrumb\",\"itemListElement\":[{\"@type\":\"ListItem\",\"position\":1,\"name\":\"Start\",\"item\":\"https:\/\/harzer-weingut.visible-web.de\/\"},{\"@type\":\"ListItem\",\"position\":2,\"name\":\"Gesch\u00e4ftsbedingungen\"}]},{\"@type\":\"WebSite\",\"@id\":\"https:\/\/harzer-weingut.visible-web.de\/#website\",\"url\":\"https:\/\/harzer-weingut.visible-web.de\/\",\"name\":\"Harzer Weingut\",\"description\":\"\",\"potentialAction\":[{\"@type\":\"SearchAction\",\"target\":{\"@type\":\"EntryPoint\",\"urlTemplate\":\"https:\/\/harzer-weingut.visible-web.de\/?s={search_term_string}\"},\"query-input\":{\"@type\":\"PropertyValueSpecification\",\"valueRequired\":true,\"valueName\":\"search_term_string\"}}],\"inLanguage\":\"de\"}]}<\/script>\n<!-- \/ Yoast SEO plugin. -->","yoast_head_json":{"title":"Gesch\u00e4ftsbedingungen - Harzer Weingut","robots":{"index":"noindex","follow":"follow","max-snippet":"max-snippet:-1","max-image-preview":"max-image-preview:large","max-video-preview":"max-video-preview:-1"},"og_locale":"de_DE","og_type":"article","og_title":"Gesch\u00e4ftsbedingungen - Harzer Weingut","og_description":"Unsere Gesch\u00e4ftsbedingungen Angebot Das Angebot ist freibleibend und unverbindlich. Die Preise k\u00f6nnen der aktuellen Preisliste entnommen werden. Mit Erscheinen einer neuen Preisliste verlieren alle fr\u00fcheren Angebote ihre G\u00fcltigkeit. Lieferbedingungen Die Lieferung erfolgt als Einzelflasche, in 6er-Einwegkartons. Bei Anlieferung k\u00f6nnen je nach Vereinbarung Frachts\u00e4tze berechnet werden. Bei Postversand gehen Verpackung, Versandkosten und Versandrisiko zu Lasten des [&hellip;]","og_url":"https:\/\/harzer-weingut.visible-web.de\/?page_id=146","og_site_name":"Harzer Weingut","article_modified_time":"2026-01-28T15:13:25+00:00","twitter_card":"summary_large_image","twitter_misc":{"Gesch\u00e4tzte Lesezeit":"1\u00a0Minute"},"schema":{"@context":"https:\/\/schema.org","@graph":[{"@type":"WebPage","@id":"https:\/\/harzer-weingut.visible-web.de\/?page_id=146","url":"https:\/\/harzer-weingut.visible-web.de\/?page_id=146","name":"Gesch\u00e4ftsbedingungen - Harzer Weingut","isPartOf":{"@id":"https:\/\/harzer-weingut.visible-web.de\/#website"},"datePublished":"2026-01-28T15:07:21+00:00","dateModified":"2026-01-28T15:13:25+00:00","breadcrumb":{"@id":"https:\/\/harzer-weingut.visible-web.de\/?page_id=146#breadcrumb"},"inLanguage":"de","potentialAction":[{"@type":"ReadAction","target":["https:\/\/harzer-weingut.visible-web.de\/?page_id=146"]}]},{"@type":"BreadcrumbList","@id":"https:\/\/harzer-weingut.visible-web.de\/?page_id=146#breadcrumb","itemListElement":[{"@type":"ListItem","position":1,"name":"Start","item":"https:\/\/harzer-weingut.visible-web.de\/"},{"@type":"ListItem","position":2,"name":"Gesch\u00e4ftsbedingungen"}]},{"@type":"WebSite","@id":"https:\/\/harzer-weingut.visible-web.de\/#website","url":"https:\/\/harzer-weingut.visible-web.de\/","name":"Harzer Weingut","description":"","potentialAction":[{"@type":"SearchAction","target":{"@type":"EntryPoint","urlTemplate":"https:\/\/harzer-weingut.visible-web.de\/?s={search_term_string}"},"query-input":{"@type":"PropertyValueSpecification","valueRequired":true,"valueName":"search_term_string"}}],"inLanguage":"de"}]}},"_links":{"self":[{"href":"https:\/\/harzer-weingut.visible-web.de\/index.php?rest_route=\/wp\/v2\/pages\/146","targetHints":{"allow":["GET"]}}],"collection":[{"href":"https:\/\/harzer-weingut.visible-web.de\/index.php?rest_route=\/wp\/v2\/pages"}],"about":[{"href":"https:\/\/harzer-weingut.visible-web.de\/index.php?rest_route=\/wp\/v2\/types\/page"}],"author":[{"embeddable":true,"href":"https:\/\/harzer-weingut.visible-web.de\/index.php?rest_route=\/wp\/v2\/users\/1"}],"replies":[{"embeddable":true,"href":"https:\/\/harzer-weingut.visible-web.de\/index.php?rest_route=%2Fwp%2Fv2%2Fcomments&post=146"}],"version-history":[{"count":5,"href":"https:\/\/harzer-weingut.visible-web.de\/index.php?rest_route=\/wp\/v2\/pages\/146\/revisions"}],"predecessor-version":[{"id":151,"href":"https:\/\/harzer-weingut.visible-web.de\/index.php?rest_route=\/wp\/v2\/pages\/146\/revisions\/151"}],"wp:attachment":[{"href":"https:\/\/harzer-weingut.visible-web.de\/index.php?rest_route=%2Fwp%2Fv2%2Fmedia&parent=146"}],"curies":[{"name":"wp","href":"https:\/\/api.w.org\/{rel}","templated":true}]}}